{"id":7167,"date":"2026-02-05T21:56:09","date_gmt":"2026-02-05T21:56:09","guid":{"rendered":"https:\/\/sevaonline.com\/?post_type=product&#038;p=7167"},"modified":"2026-02-06T20:38:35","modified_gmt":"2026-02-06T20:38:35","slug":"information-au-patient","status":"publish","type":"product","link":"https:\/\/sevaonline.com\/de\/product\/information-au-patient\/","title":{"rendered":"Information au patient"},"content":{"rendered":"<p>Cette brochure est un outil de base pour approcher le probl\u00e8me des amalgames dentaires et les effets pour notre sant\u00e9. Elle passe en revue les diff\u00e9rentes approches de d\u00e9toxication. Elle a \u00e9t\u00e9 \u00e9crite avec une approche essentiellement ax\u00e9e sur la pratique. Madame Kinder d\u00e9taille les diff\u00e9rentes \u00e9tapes pour appr\u00e9hender la question des amalgames de mani\u00e8re efficace (Diagnostique, Pr\u00e9paration \u00e0 la d\u00e9pose, D\u00e9pose). Elle contient \u00e9galement \u00e0 la fin une liste de sympt\u00f4mes qui vous sera extr\u00eamement utile dans votre processus de d\u00e9toxication<\/p>","protected":false},"excerpt":{"rendered":"<p>Cette brochure est un outil de base pour approcher le probl\u00e8me des amalgames dentaires et les effets pour notre sant\u00e9.<\/p>","protected":false},"featured_media":7255,"comment_status":"open","ping_status":"closed","template":"","meta":[],"product_brand":[],"product_cat":[61],"product_tag":[26,37,52],"class_list":{"0":"post-7167","1":"product","2":"type-product","3":"status-publish","4":"has-post-thumbnail","6":"product_cat-information","7":"product_tag-featured","8":"product_tag-on-sale","9":"product_tag-trendy","11":"first","12":"instock","13":"shipping-taxable","14":"purchasable","15":"product-type-simple"},"jetpack_sharing_enabled":true,"_links":{"self":[{"href":"https:\/\/sevaonline.com\/de\/wp-json\/wp\/v2\/product\/7167","targetHints":{"allow":["GET"]}}],"collection":[{"href":"https:\/\/sevaonline.com\/de\/wp-json\/wp\/v2\/product"}],"about":[{"href":"https:\/\/sevaonline.com\/de\/wp-json\/wp\/v2\/types\/product"}],"replies":[{"embeddable":true,"href":"https:\/\/sevaonline.com\/de\/wp-json\/wp\/v2\/comments?post=7167"}],"wp:featuredmedia":[{"embeddable":true,"href":"https:\/\/sevaonline.com\/de\/wp-json\/wp\/v2\/media\/7255"}],"wp:attachment":[{"href":"https:\/\/sevaonline.com\/de\/wp-json\/wp\/v2\/media?parent=7167"}],"wp:term":[{"taxonomy":"product_brand","embeddable":true,"href":"https:\/\/sevaonline.com\/de\/wp-json\/wp\/v2\/product_brand?post=7167"},{"taxonomy":"product_cat","embeddable":true,"href":"https:\/\/sevaonline.com\/de\/wp-json\/wp\/v2\/product_cat?post=7167"},{"taxonomy":"product_tag","embeddable":true,"href":"https:\/\/sevaonline.com\/de\/wp-json\/wp\/v2\/product_tag?post=7167"}],"curies":[{"name":"wp","href":"https:\/\/api.w.org\/{rel}","templated":true}]}}