{"id":7271,"date":"2026-02-08T21:00:15","date_gmt":"2026-02-08T21:00:15","guid":{"rendered":"https:\/\/sevaonline.com\/?post_type=product&#038;p=7271"},"modified":"2026-02-08T21:43:51","modified_gmt":"2026-02-08T21:43:51","slug":"masque-au-charbon-actif-ffp2-5-couches-avec-valve-pour-depose-damalgames-et-protection-contre-virus-et-bacteries","status":"publish","type":"product","link":"https:\/\/sevaonline.com\/de\/product\/masque-au-charbon-actif-ffp2-5-couches-avec-valve-pour-depose-damalgames-et-protection-contre-virus-et-bacteries\/","title":{"rendered":"Masque au charbon actif FFP2 5 couches avec valve pour d\u00e9pose d\u2019amalgames et protection contre virus et bact\u00e9ries"},"content":{"rendered":"<p><b>Stock disponible:\u00a0500<\/b><\/p>\n<p><b><strong>Description :<\/strong><\/b>\u00a0Les masques jetables sont faits de charbon actif impr\u00e9gn\u00e9 dans du tissu (5 couches de protection au total &#8211; 4 couches anti-poussi\u00e8re &#8211; 1 couches de charbon activ\u00e9 &#8211; voir photo). Malgr\u00e9 la forte protection li\u00e9e aux 5 couches de filtration la valve permet un confort d\u2019utilisation tr\u00e8s important.<\/p>\n<p><b><strong>Application :<\/strong><\/b>\u00a0Le masque est id\u00e9al pour le patient lors de la d\u00e9pose d&#8217;amalgames dentaires. Il est pos\u00e9 sur le nez et les yeux pendant le fraisage. Il permet \u00e9galement la protection contre d&#8217;autres particules nocives en prot\u00e9geant efficacement les voies respiratoires. Il a un effet de filtration \u00e9lev\u00e9 (BFE \u2013 Bacteria Filtration Efficiency) et r\u00e9siste aux virus de la grippe aviaire, SARS, Coronavirus, projections salivaires. Il a \u00e9galement une bonne r\u00e9sistance aux vapeurs acides telles que H2S, SO2, H2, N2 ainsi que les nanoparticules de poussi\u00e8re.<\/p>\n<p><b><strong>Domaine d&#8217;utilisation :<\/strong><\/b>\u00a0Ils r\u00e9pondent \u00e0 la norme EN 149:2001 + A1:2009 FFP2 et filtrent toutes les concentrations de mercure jusqu&#8217;\u00e0 0.1 milligrammes par m3 (2 fois la valeur limite (TLV) pendant 75 heures. Habituellement, les m\u00e9taux lourds sont consid\u00e9r\u00e9s comme appartenant \u00e0 la classe des particules fines (PM2,5, particules dont le diam\u00e8tre a\u00e9rodynamique est inf\u00e9rieur ou \u00e9gal \u00e0 2,5 \u03bcm) voire tr\u00e8s fines (PM1,0).<\/p>\n<p>Ils peuvent \u00eatre utilis\u00e9s dans des atmosph\u00e8res contenant des a\u00e9rosols solides et\/ou liquides jusqu&#8217;\u00e0 des concentrations de 12 x VME* (selon EN 149:2001). Certaines restrictions ou limitations peuvent s&#8217;appliquer dans le cas de contaminants sp\u00e9cifiques. Se r\u00e9f\u00e9rer aux exigences de s\u00e9curit\u00e9 et de sant\u00e9 applicables.<\/p>\n<p><b><strong>Limites d&#8217;utilisation :<\/strong><\/b><br \/>\nNE PAS utiliser ce masque respiratoire dans les situations suivantes :<br \/>\n&#8211; la concentration en oxyg\u00e8ne est inf\u00e9rieure \u00e0 17%<br \/>\n&#8211; les contaminants et\/ou leur concentration ne sont pas connus ou sont imm\u00e9diatement dangereux pour la vie ou la sant\u00e9<br \/>\n&#8211; sur une personne infect\u00e9e d\u2019un virus l\u2019air int\u00e9rieur sort de la valve de mani\u00e8re non-filtr\u00e9e<br \/>\n&#8211; la concentration d&#8217;un contaminant est sup\u00e9rieure \u00e0 12 x VME* (selon EN 149 : 2001), ou d\u00e9passe les niveaux fix\u00e9s par la l\u00e9gislation en vigueur<br \/>\n&#8211; en pr\u00e9sence de contaminants toxiques ou radioactifs<br \/>\n&#8211; en pr\u00e9sence de gaz ou vapeurs<br \/>\n&#8211; la lutte contre l&#8217;incendie.<\/p>\n<p>&nbsp;<\/p>","protected":false},"excerpt":{"rendered":"<p>Les masques jetables sont faits de charbon actif impr\u00e9gn\u00e9 dans du tissu (6 couches de protection au total &#8211; 4 couches anti-poussi\u00e8re &#8211; 2 couches de charbon activ\u00e9 &#8211; voir photo). Malgr\u00e9 la forte protection li\u00e9e aux 6 couches de filtration la valve permet un confort d\u2019utilisation tr\u00e8s important.<\/p>","protected":false},"featured_media":7272,"comment_status":"open","ping_status":"closed","template":"","meta":[],"product_brand":[],"product_cat":[63],"product_tag":[26,37,52],"class_list":{"0":"post-7271","1":"product","2":"type-product","3":"status-publish","4":"has-post-thumbnail","6":"product_cat-protection","7":"product_tag-featured","8":"product_tag-on-sale","9":"product_tag-trendy","11":"first","12":"instock","13":"shipping-taxable","14":"purchasable","15":"product-type-simple"},"jetpack_sharing_enabled":true,"_links":{"self":[{"href":"https:\/\/sevaonline.com\/de\/wp-json\/wp\/v2\/product\/7271","targetHints":{"allow":["GET"]}}],"collection":[{"href":"https:\/\/sevaonline.com\/de\/wp-json\/wp\/v2\/product"}],"about":[{"href":"https:\/\/sevaonline.com\/de\/wp-json\/wp\/v2\/types\/product"}],"replies":[{"embeddable":true,"href":"https:\/\/sevaonline.com\/de\/wp-json\/wp\/v2\/comments?post=7271"}],"wp:featuredmedia":[{"embeddable":true,"href":"https:\/\/sevaonline.com\/de\/wp-json\/wp\/v2\/media\/7272"}],"wp:attachment":[{"href":"https:\/\/sevaonline.com\/de\/wp-json\/wp\/v2\/media?parent=7271"}],"wp:term":[{"taxonomy":"product_brand","embeddable":true,"href":"https:\/\/sevaonline.com\/de\/wp-json\/wp\/v2\/product_brand?post=7271"},{"taxonomy":"product_cat","embeddable":true,"href":"https:\/\/sevaonline.com\/de\/wp-json\/wp\/v2\/product_cat?post=7271"},{"taxonomy":"product_tag","embeddable":true,"href":"https:\/\/sevaonline.com\/de\/wp-json\/wp\/v2\/product_tag?post=7271"}],"curies":[{"name":"wp","href":"https:\/\/api.w.org\/{rel}","templated":true}]}}