{"id":7278,"date":"2026-02-08T21:44:08","date_gmt":"2026-02-08T21:44:08","guid":{"rendered":"https:\/\/sevaonline.com\/?post_type=product&#038;p=7278"},"modified":"2026-02-08T21:46:22","modified_gmt":"2026-02-08T21:46:22","slug":"250-embouts-clean-up-rupture-de-stock","status":"publish","type":"product","link":"https:\/\/sevaonline.com\/de\/product\/250-embouts-clean-up-rupture-de-stock\/","title":{"rendered":"250 Embouts Clean-up &#8211; rupture de stock"},"content":{"rendered":"<p><b>Embout \u00e0 usage unique &#8211; Clean-up<\/b><\/p>\n<p>Les embouts \u00e0 unsage unique pour les canules clean-up. Permettent une aspiration 10 x plus importante qu&#8217;une canule d&#8217;aspiration normale.<\/p>\n<p>&nbsp;<\/p>\n<p>&nbsp;<\/p>","protected":false},"excerpt":{"rendered":"<p>Les masques jetables sont faits de charbon actif impr\u00e9gn\u00e9 dans du tissu (6 couches de protection au total &#8211; 4 couches anti-poussi\u00e8re &#8211; 2 couches de charbon activ\u00e9 &#8211; voir photo). Malgr\u00e9 la forte protection li\u00e9e aux 6 couches de filtration la valve permet un confort d\u2019utilisation tr\u00e8s important.<\/p>","protected":false},"featured_media":7172,"comment_status":"open","ping_status":"closed","template":"","meta":[],"product_brand":[],"product_cat":[63],"product_tag":[26,37,52],"class_list":{"0":"post-7278","1":"product","2":"type-product","3":"status-publish","4":"has-post-thumbnail","6":"product_cat-protection","7":"product_tag-featured","8":"product_tag-on-sale","9":"product_tag-trendy","11":"first","12":"instock","13":"shipping-taxable","14":"purchasable","15":"product-type-simple"},"jetpack_sharing_enabled":true,"_links":{"self":[{"href":"https:\/\/sevaonline.com\/de\/wp-json\/wp\/v2\/product\/7278","targetHints":{"allow":["GET"]}}],"collection":[{"href":"https:\/\/sevaonline.com\/de\/wp-json\/wp\/v2\/product"}],"about":[{"href":"https:\/\/sevaonline.com\/de\/wp-json\/wp\/v2\/types\/product"}],"replies":[{"embeddable":true,"href":"https:\/\/sevaonline.com\/de\/wp-json\/wp\/v2\/comments?post=7278"}],"wp:featuredmedia":[{"embeddable":true,"href":"https:\/\/sevaonline.com\/de\/wp-json\/wp\/v2\/media\/7172"}],"wp:attachment":[{"href":"https:\/\/sevaonline.com\/de\/wp-json\/wp\/v2\/media?parent=7278"}],"wp:term":[{"taxonomy":"product_brand","embeddable":true,"href":"https:\/\/sevaonline.com\/de\/wp-json\/wp\/v2\/product_brand?post=7278"},{"taxonomy":"product_cat","embeddable":true,"href":"https:\/\/sevaonline.com\/de\/wp-json\/wp\/v2\/product_cat?post=7278"},{"taxonomy":"product_tag","embeddable":true,"href":"https:\/\/sevaonline.com\/de\/wp-json\/wp\/v2\/product_tag?post=7278"}],"curies":[{"name":"wp","href":"https:\/\/api.w.org\/{rel}","templated":true}]}}