{"id":7284,"date":"2026-02-08T21:55:55","date_gmt":"2026-02-08T21:55:55","guid":{"rendered":"https:\/\/sevaonline.com\/?post_type=product&#038;p=7284"},"modified":"2026-03-01T22:42:47","modified_gmt":"2026-03-01T22:42:47","slug":"masque-3m-aura-9320a-ffp2","status":"publish","type":"product","link":"https:\/\/sevaonline.com\/de\/product\/masque-3m-aura-9320a-ffp2\/","title":{"rendered":"Masque 3M\u2122 Aura 9320A+ FFP2"},"content":{"rendered":"<h2 style=\"font-weight: 300;\">Masque antipoussi\u00e8re jetable 3M\u2122 Aura\u2122 s\u00e9rie 9300+<\/h2>\n<p>Diverses caract\u00e9ristiques, dont la technologie de filtration \u00e0 faible r\u00e9sistance respiratoire con\u00e7ue pour faciliter la respiration, un panneau sup\u00e9rieur emboss\u00e9 qui r\u00e9duit la formation de bu\u00e9e sur les lunettes, un bord pr\u00e9form\u00e9 qui s\u2019adapte mieux aux protections oculaires et une mentonni\u00e8re permettant un meilleur ajustement.<\/p>\n<ul style=\"font-weight: 400;\">\n<li>Respiration facile<\/li>\n<li><b><strong>Faible r\u00e9sistance respiratoire<\/strong><\/b><br \/>\n\u2022 associe les avantages du m\u00e9dia-filtrant 3M\u2122 Electret \u00e0 la technologie avanc\u00e9e de filtration \u00e0 faible r\u00e9sistance respiratoire<br \/>\n\u2022 offre une filtration efficace tout en r\u00e9duisant la r\u00e9sistance respiratoire<br \/>\n\u2022 facilite la respiration et am\u00e9liore le confort respiratoire<\/li>\n<li>Panneau sup\u00e9rieur sculpt\u00e9<\/li>\n<li>\u2022 design ajust\u00e9 et profil\u00e9<br \/>\n\u2022 \u00e9tanch\u00e9it\u00e9 optimale au niveau de l\u2019ar\u00eate nasale et du contour des yeux<br \/>\n\u2022 offre un meilleur champ de vision<br \/>\n\u2022 meilleure compatibilit\u00e9 avec le port de lunettes<\/li>\n<li>Confort<\/li>\n<li>\u2022 s\u2019adapte aux mouvements de votre visage<br \/>\n\u2022 r\u00e9siste \u00e0 l\u2019\u00e9crasement<br \/>\n\u2022 id\u00e9al pour le travail dans les environnements chauds et humides<br \/>\n\u2022 reste bien en place pour une \u00e9tanch\u00e9it\u00e9 optimale tout en restant confortable \u2022 mousse nasale large et souple avec une doublure int\u00e9rieure ultra douce au contact de la peau<\/li>\n<li>Pratique<\/li>\n<li>\u2022 format 3\u00a0panneaux pliable\u00a0: pratique \u00e0 ranger et \u00e0 transporter lorsqu\u2019il n\u2019est pas utilis\u00e9<br \/>\n\u2022 emballage individuel hygi\u00e9nique pour prot\u00e9ger le masque de toute contamination avant utilisation<br \/>\n\u2022 languette de mise en place innovante qui facilite l\u2019ajustement<\/li>\n<li><\/li>\n<li>Champ de vision d\u00e9gag\u00e9<\/li>\n<li>\u2022 panneau nasal emboss\u00e9 r\u00e9duisant la formation de bu\u00e9e sur les lunettes<\/li>\n<\/ul>\n<p style=\"font-weight: 400;\">","protected":false},"excerpt":{"rendered":"<h4>\u00a0Attention !! Les canules s&#8217;utilisent avec les embouts vendus s\u00e9par\u00e9ments. Ne les oubliez pas!!<\/h4>","protected":false},"featured_media":7467,"comment_status":"open","ping_status":"closed","template":"","meta":[],"product_brand":[],"product_cat":[63],"product_tag":[26,37,52],"class_list":{"0":"post-7284","1":"product","2":"type-product","3":"status-publish","4":"has-post-thumbnail","6":"product_cat-protection","7":"product_tag-featured","8":"product_tag-on-sale","9":"product_tag-trendy","11":"first","12":"instock","13":"shipping-taxable","14":"purchasable","15":"product-type-simple"},"jetpack_sharing_enabled":true,"_links":{"self":[{"href":"https:\/\/sevaonline.com\/de\/wp-json\/wp\/v2\/product\/7284","targetHints":{"allow":["GET"]}}],"collection":[{"href":"https:\/\/sevaonline.com\/de\/wp-json\/wp\/v2\/product"}],"about":[{"href":"https:\/\/sevaonline.com\/de\/wp-json\/wp\/v2\/types\/product"}],"replies":[{"embeddable":true,"href":"https:\/\/sevaonline.com\/de\/wp-json\/wp\/v2\/comments?post=7284"}],"wp:featuredmedia":[{"embeddable":true,"href":"https:\/\/sevaonline.com\/de\/wp-json\/wp\/v2\/media\/7467"}],"wp:attachment":[{"href":"https:\/\/sevaonline.com\/de\/wp-json\/wp\/v2\/media?parent=7284"}],"wp:term":[{"taxonomy":"product_brand","embeddable":true,"href":"https:\/\/sevaonline.com\/de\/wp-json\/wp\/v2\/product_brand?post=7284"},{"taxonomy":"product_cat","embeddable":true,"href":"https:\/\/sevaonline.com\/de\/wp-json\/wp\/v2\/product_cat?post=7284"},{"taxonomy":"product_tag","embeddable":true,"href":"https:\/\/sevaonline.com\/de\/wp-json\/wp\/v2\/product_tag?post=7284"}],"curies":[{"name":"wp","href":"https:\/\/api.w.org\/{rel}","templated":true}]}}