{"id":7472,"date":"2026-03-16T21:21:57","date_gmt":"2026-03-16T21:21:57","guid":{"rendered":"https:\/\/sevaonline.com\/?post_type=product&#038;p=7472"},"modified":"2026-03-17T22:43:41","modified_gmt":"2026-03-17T22:43:41","slug":"combinaison-anti-gaz","status":"publish","type":"product","link":"https:\/\/sevaonline.com\/de\/product\/combinaison-anti-gaz\/","title":{"rendered":"Combinaison anti-gaz"},"content":{"rendered":"<h3 data-section-id=\"13z177i\" data-start=\"141\" data-end=\"237\">Combinaisons de protection jetables \u00e0 capuche \u2013 Protection liquides et particules (Type 5\/6)<\/h3>\n<p data-start=\"239\" data-end=\"442\">Travaillez en toute s\u00e9curit\u00e9 gr\u00e2ce \u00e0 ces <strong data-start=\"280\" data-end=\"392\">combinaisons de protection jetables con\u00e7ues pour offrir confort, libert\u00e9 de mouvement et protection efficace<\/strong> dans les environnements professionnels exigeants.<\/p>\n<p data-start=\"444\" data-end=\"797\">Imperm\u00e9ables et respirantes, ces combinaisons \u00e0 capuche assurent une <strong data-start=\"513\" data-end=\"644\">barri\u00e8re fiable contre les \u00e9claboussures d\u2019eau ou de produits chimiques, les liquides, les poussi\u00e8res et les particules solides<\/strong>. Elles conviennent particuli\u00e8rement aux environnements o\u00f9 le risque d\u2019exposition chimique est faible mais n\u00e9cessite tout de m\u00eame une protection adapt\u00e9e.<\/p>\n<p data-start=\"799\" data-end=\"1157\">Leur <strong data-start=\"804\" data-end=\"855\">conception ergonomique avec devant sans couture<\/strong>, rabat de protection anti-temp\u00eate et capuche compatible avec un respirateur permet une utilisation confortable tout au long de la journ\u00e9e. Le mat\u00e9riau utilis\u00e9 est <strong data-start=\"1019\" data-end=\"1078\">sans silicone, \u00e0 faible peluchage et sans latex naturel<\/strong>, ce qui r\u00e9duit les risques de contamination dans les environnements sensibles.<\/p>\n<p data-start=\"1159\" data-end=\"1449\">Class\u00e9es <strong data-start=\"1168\" data-end=\"1189\">EPI cat\u00e9gorie III<\/strong>, ces combinaisons offrent une protection conforme aux normes <strong data-start=\"1251\" data-end=\"1282\">Type 5 (particules solides)<\/strong> et <strong data-start=\"1286\" data-end=\"1331\">Type 6 (projections limit\u00e9es de liquides)<\/strong>. Elles sont \u00e9galement adapt\u00e9es pour la protection contre les <strong data-start=\"1393\" data-end=\"1448\">particules radioactives selon la norme NF EN 1073-2<\/strong>.<\/p>\n<p data-start=\"1451\" data-end=\"1536\">Ces combinaisons sont id\u00e9ales pour de nombreux secteurs professionnels, notamment :<\/p>\n<ul data-start=\"1537\" data-end=\"1710\">\n<li data-section-id=\"1j2s4k6\" data-start=\"1537\" data-end=\"1565\">\n<p data-start=\"1539\" data-end=\"1565\">industrie et fabrication<\/p>\n<\/li>\n<li data-section-id=\"80k8qd\" data-start=\"1566\" data-end=\"1581\">\n<p data-start=\"1568\" data-end=\"1581\">m\u00e9tallurgie<\/p>\n<\/li>\n<li data-section-id=\"ml7nb8\" data-start=\"1582\" data-end=\"1598\">\n<p data-start=\"1584\" data-end=\"1598\">\u00e9lectronique<\/p>\n<\/li>\n<li data-section-id=\"1wivjon\" data-start=\"1599\" data-end=\"1627\">\n<p data-start=\"1601\" data-end=\"1627\">transport et maintenance<\/p>\n<\/li>\n<li data-section-id=\"qw4q0p\" data-start=\"1628\" data-end=\"1643\">\n<p data-start=\"1630\" data-end=\"1643\">agriculture<\/p>\n<\/li>\n<li data-section-id=\"avg1px\" data-start=\"1644\" data-end=\"1688\">\n<p data-start=\"1646\" data-end=\"1688\">gestion des fibres de verre ou d\u2019amiante<\/p>\n<\/li>\n<li data-section-id=\"1oszv0z\" data-start=\"1689\" data-end=\"1710\">\n<p data-start=\"1691\" data-end=\"1710\">gestion des d\u00e9chets<\/p>\n<\/li>\n<\/ul>\n<p data-start=\"1712\" data-end=\"1889\">Le <strong data-start=\"1715\" data-end=\"1742\">conditionnement en vrac<\/strong> permet en outre de <strong data-start=\"1762\" data-end=\"1813\">r\u00e9duire jusqu\u2019\u00e0 70 % l\u2019utilisation de plastique<\/strong> par rapport aux emballages individuels, pour une solution plus responsable.<\/p>\n<h3 data-section-id=\"haviiy\" data-start=\"1891\" data-end=\"1923\">Caract\u00e9ristiques principales<\/h3>\n<p data-start=\"1925\" data-end=\"2507\">\u2714 <strong data-start=\"1997\" data-end=\"2018\">EPI cat\u00e9gorie III<\/strong> conforme aux normes europ\u00e9ennes Type 5 et Type 6<br data-start=\"2067\" data-end=\"2070\" \/>\u2714 Protection contre <strong data-start=\"2090\" data-end=\"2159\">poussi\u00e8res, particules solides et projections l\u00e9g\u00e8res de liquides<\/strong><br data-start=\"2159\" data-end=\"2162\" \/>\u2714 <strong data-start=\"2164\" data-end=\"2187\">Devant sans couture<\/strong> pour un meilleur confort et une meilleure protection<br data-start=\"2240\" data-end=\"2243\" \/>\u2714 Mat\u00e9riau <strong data-start=\"2254\" data-end=\"2304\">respirant, sans silicone et sans latex naturel<\/strong><br data-start=\"2304\" data-end=\"2307\" \/>\u2714 Compatible avec les <strong data-start=\"2329\" data-end=\"2358\">\u00e9quipements respiratoires<\/strong><br data-start=\"2358\" data-end=\"2361\" \/>\u2714 Protection contre les <strong data-start=\"2385\" data-end=\"2427\">particules radioactives (NF EN 1073-2)<\/strong><br data-start=\"2427\" data-end=\"2430\" data-is-only-node=\"\" \/>\u2714 <strong data-start=\"2432\" data-end=\"2470\">Conditionnement \u00e9cologique en vrac<\/strong> r\u00e9duisant l\u2019utilisation de plastique<\/p>","protected":false},"excerpt":{"rendered":"<p>Combinaisons de protection jetables \u00e0 capuche \u2013 Protection liquides et particules (Type 5\/6) Travaillez en toute s\u00e9curit\u00e9 gr\u00e2ce \u00e0 ces combinaisons de protection jetables con\u00e7ues pour offrir confort, libert\u00e9 de mouvement et protection efficace dans les environnements professionnels exigeants. Imperm\u00e9ables et respirantes, ces combinaisons \u00e0 capuche assurent une barri\u00e8re fiable contre les \u00e9claboussures d\u2019eau ou [&hellip;]<\/p>\n","protected":false},"featured_media":7410,"comment_status":"open","ping_status":"closed","template":"","meta":[],"product_brand":[],"product_cat":[63],"product_tag":[26,37,52],"class_list":{"0":"post-7472","1":"product","2":"type-product","3":"status-publish","4":"has-post-thumbnail","6":"product_cat-protection","7":"product_tag-featured","8":"product_tag-on-sale","9":"product_tag-trendy","11":"first","12":"instock","13":"shipping-taxable","14":"purchasable","15":"product-type-variable"},"jetpack_sharing_enabled":true,"_links":{"self":[{"href":"https:\/\/sevaonline.com\/de\/wp-json\/wp\/v2\/product\/7472","targetHints":{"allow":["GET"]}}],"collection":[{"href":"https:\/\/sevaonline.com\/de\/wp-json\/wp\/v2\/product"}],"about":[{"href":"https:\/\/sevaonline.com\/de\/wp-json\/wp\/v2\/types\/product"}],"replies":[{"embeddable":true,"href":"https:\/\/sevaonline.com\/de\/wp-json\/wp\/v2\/comments?post=7472"}],"wp:featuredmedia":[{"embeddable":true,"href":"https:\/\/sevaonline.com\/de\/wp-json\/wp\/v2\/media\/7410"}],"wp:attachment":[{"href":"https:\/\/sevaonline.com\/de\/wp-json\/wp\/v2\/media?parent=7472"}],"wp:term":[{"taxonomy":"product_brand","embeddable":true,"href":"https:\/\/sevaonline.com\/de\/wp-json\/wp\/v2\/product_brand?post=7472"},{"taxonomy":"product_cat","embeddable":true,"href":"https:\/\/sevaonline.com\/de\/wp-json\/wp\/v2\/product_cat?post=7472"},{"taxonomy":"product_tag","embeddable":true,"href":"https:\/\/sevaonline.com\/de\/wp-json\/wp\/v2\/product_tag?post=7472"}],"curies":[{"name":"wp","href":"https:\/\/api.w.org\/{rel}","templated":true}]}}