{"id":7258,"date":"2026-02-07T18:47:14","date_gmt":"2026-02-07T18:47:14","guid":{"rendered":"https:\/\/sevaonline.com\/?post_type=product&#038;p=7258"},"modified":"2026-02-07T19:08:24","modified_gmt":"2026-02-07T19:08:24","slug":"protocole-de-fraisage","status":"publish","type":"product","link":"https:\/\/sevaonline.com\/en_us\/product\/protocole-de-fraisage\/","title":{"rendered":"Protocole de fraisage des amalgames dentaires"},"content":{"rendered":"<p>Il est important de ne pas d\u00e9poser les amalgames \u00e0 la l\u00e9g\u00e8re, le mercure \u00e9tant tr\u00e8s volatile \u00e0 temp\u00e9rature ambiante. Votre corps doit \u00e9galement \u00eatre pr\u00e9par\u00e9 \u00e0 une telle d\u00e9pose. A cet effet, un protocole de d\u00e9pose succinct a \u00e9t\u00e9 pr\u00e9par\u00e9 \u00e0 l\u2019attention du dentiste, selon les derni\u00e8res connaissances en la mati\u00e8re, afin de lui donner les moyens de proc\u00e9der \u00e0 une d\u00e9pose comprenant le moins de risques possibles pour lui et le patient. Ce protocole a d\u00e9j\u00e0 \u00e9t\u00e9 approuv\u00e9 et sign\u00e9 par des dentistes et m\u00e9decins r\u00e9put\u00e9s dans ce domaine, par de futurs (proche) enseignants de la d\u00e9pose d\u2019amalgames.<\/p>","protected":false},"excerpt":{"rendered":"<p>Il est important de ne pas d\u00e9poser les amalgames \u00e0 la l\u00e9g\u00e8re, le mercure \u00e9tant tr\u00e8s volatile \u00e0 temp\u00e9rature ambiante. Votre corps doit \u00e9galement \u00eatre pr\u00e9par\u00e9 \u00e0 une telle d\u00e9pose.<\/p>","protected":false},"featured_media":7259,"comment_status":"open","ping_status":"closed","template":"","meta":[],"product_brand":[],"product_cat":[61],"product_tag":[26,37,52],"class_list":{"0":"post-7258","1":"product","2":"type-product","3":"status-publish","4":"has-post-thumbnail","6":"product_cat-information","7":"product_tag-featured","8":"product_tag-on-sale","9":"product_tag-trendy","11":"first","12":"instock","13":"shipping-taxable","14":"purchasable","15":"product-type-simple"},"jetpack_sharing_enabled":true,"_links":{"self":[{"href":"https:\/\/sevaonline.com\/en_us\/wp-json\/wp\/v2\/product\/7258","targetHints":{"allow":["GET"]}}],"collection":[{"href":"https:\/\/sevaonline.com\/en_us\/wp-json\/wp\/v2\/product"}],"about":[{"href":"https:\/\/sevaonline.com\/en_us\/wp-json\/wp\/v2\/types\/product"}],"replies":[{"embeddable":true,"href":"https:\/\/sevaonline.com\/en_us\/wp-json\/wp\/v2\/comments?post=7258"}],"wp:featuredmedia":[{"embeddable":true,"href":"https:\/\/sevaonline.com\/en_us\/wp-json\/wp\/v2\/media\/7259"}],"wp:attachment":[{"href":"https:\/\/sevaonline.com\/en_us\/wp-json\/wp\/v2\/media?parent=7258"}],"wp:term":[{"taxonomy":"product_brand","embeddable":true,"href":"https:\/\/sevaonline.com\/en_us\/wp-json\/wp\/v2\/product_brand?post=7258"},{"taxonomy":"product_cat","embeddable":true,"href":"https:\/\/sevaonline.com\/en_us\/wp-json\/wp\/v2\/product_cat?post=7258"},{"taxonomy":"product_tag","embeddable":true,"href":"https:\/\/sevaonline.com\/en_us\/wp-json\/wp\/v2\/product_tag?post=7258"}],"curies":[{"name":"wp","href":"https:\/\/api.w.org\/{rel}","templated":true}]}}