{"id":7279,"date":"2026-02-08T21:46:45","date_gmt":"2026-02-08T21:46:45","guid":{"rendered":"https:\/\/sevaonline.com\/?post_type=product&#038;p=7279"},"modified":"2026-02-08T21:54:57","modified_gmt":"2026-02-08T21:54:57","slug":"paquet-de-4-canules-clean-up-rupture-de-stock","status":"publish","type":"product","link":"https:\/\/sevaonline.com\/en_us\/product\/paquet-de-4-canules-clean-up-rupture-de-stock\/","title":{"rendered":"Paquet de 4 canules Clean-Up &#8211; rupture de stock"},"content":{"rendered":"<p style=\"font-weight: 400;\">Pour votre protection et celle de vos patients<\/p>\n<ul>\n<li style=\"font-weight: 400;\"><strong>Une capacit\u00e9 d\u2019aspiration sup\u00e9rieure<\/strong><\/li>\n<li style=\"font-weight: 400;\"><strong>Economique<\/strong><\/li>\n<li style=\"font-weight: 400;\"><strong>Un contr\u00f4le des infections accru<\/strong><\/li>\n<\/ul>\n<p style=\"font-weight: 400;\">Clean Up est une nouvelle canule d\u2019aspiration extr\u00eamement efficace. Le contr\u00f4le des infections est accru par la diminution de l\u2019exposition du patient et du personnel aux effets des particules s\u2019\u00e9chappant de la fraise.<\/p>\n<p style=\"font-weight: 400;\">Clean Up est plac\u00e9 directement sur la dent \u00e0 traiter et permet une succion continue de la place de travail..<\/p>\n<p style=\"font-weight: 400;\">Le confort du patient est am\u00e9lior\u00e9 par la r\u00e9duction ou l\u2019\u00e9limination des particules de fraisage ou d\u2019eau froide. De l\u2019eau froide \u00e9tant appliqu\u00e9 et aspir\u00e9 constamment, les rejets de la fraise sont imm\u00e9diatement aspir\u00e9s. La langue et la r\u00e9gion bucale sont \u00e9galement prot\u00e9g\u00e9s de la fraise car le travail s\u2019effectue dans le cadre de l\u2019embout Clean Up.<\/p>\n<p style=\"font-weight: 400;\">\u00a8\u00a0\u00a0\u00a0\u00a0La canule est directionelle pour un comfort d\u2019utilisation optimal.<\/p>\n<p style=\"font-weight: 400;\">\u00a8\u00a0\u00a0\u00a0\u00a0La canule Clean Up ne requiert pas de nouvelles installations car elle s\u2019applique directement aux tuyaux de succion existants.<\/p>\n<p style=\"font-weight: 400;\">L\u2019universit\u00e9 d\u2019Uppsala a test\u00e9 cette canule et atteste que les vapeurs de mercure sont g\u00e9n\u00e9ralement tr\u00e8s faibles en utilisant Clean Up. Elle a \u00e9tabli que les vapeurs de mercure intra-orales pouvaient \u00eatre occasionnellement 10 fois sup\u00e9rieures ou plus en utilisant des canules d\u2019aspirations standards, m\u00eames des canules chirurgicales.<\/p>\n<p style=\"font-weight: 400;\">","protected":false},"excerpt":{"rendered":"<h4>\u00a0Attention !! Les canules s&#8217;utilisent avec les embouts vendus s\u00e9par\u00e9ments. Ne les oubliez pas!!<\/h4>","protected":false},"featured_media":7244,"comment_status":"open","ping_status":"closed","template":"","meta":[],"product_brand":[],"product_cat":[63],"product_tag":[26,37,52],"class_list":{"0":"post-7279","1":"product","2":"type-product","3":"status-publish","4":"has-post-thumbnail","6":"product_cat-protection","7":"product_tag-featured","8":"product_tag-on-sale","9":"product_tag-trendy","11":"first","12":"instock","13":"shipping-taxable","14":"purchasable","15":"product-type-simple"},"jetpack_sharing_enabled":true,"_links":{"self":[{"href":"https:\/\/sevaonline.com\/en_us\/wp-json\/wp\/v2\/product\/7279","targetHints":{"allow":["GET"]}}],"collection":[{"href":"https:\/\/sevaonline.com\/en_us\/wp-json\/wp\/v2\/product"}],"about":[{"href":"https:\/\/sevaonline.com\/en_us\/wp-json\/wp\/v2\/types\/product"}],"replies":[{"embeddable":true,"href":"https:\/\/sevaonline.com\/en_us\/wp-json\/wp\/v2\/comments?post=7279"}],"wp:featuredmedia":[{"embeddable":true,"href":"https:\/\/sevaonline.com\/en_us\/wp-json\/wp\/v2\/media\/7244"}],"wp:attachment":[{"href":"https:\/\/sevaonline.com\/en_us\/wp-json\/wp\/v2\/media?parent=7279"}],"wp:term":[{"taxonomy":"product_brand","embeddable":true,"href":"https:\/\/sevaonline.com\/en_us\/wp-json\/wp\/v2\/product_brand?post=7279"},{"taxonomy":"product_cat","embeddable":true,"href":"https:\/\/sevaonline.com\/en_us\/wp-json\/wp\/v2\/product_cat?post=7279"},{"taxonomy":"product_tag","embeddable":true,"href":"https:\/\/sevaonline.com\/en_us\/wp-json\/wp\/v2\/product_tag?post=7279"}],"curies":[{"name":"wp","href":"https:\/\/api.w.org\/{rel}","templated":true}]}}