{"id":7362,"date":"2026-03-01T22:13:41","date_gmt":"2026-03-01T22:13:41","guid":{"rendered":"https:\/\/sevaonline.com\/?post_type=product&#038;p=7362"},"modified":"2026-03-01T22:16:41","modified_gmt":"2026-03-01T22:16:41","slug":"kit-de-depose-des-amalgames-dentaires","status":"publish","type":"product","link":"https:\/\/sevaonline.com\/en_us\/product\/kit-de-depose-des-amalgames-dentaires\/","title":{"rendered":"Kit de d\u00e9pose des amalgames dentaires"},"content":{"rendered":"<p>Le kit de d\u00e9pose est un regroupement de produits essentiels pour le patient afin de lui procurer le maximum de s\u00e9curit\u00e9 lors du fraisage des amalgames dentaires. Le patient garde le kit de d\u00e9pose pour la dur\u00e9e du traitement afin qu&#8217;il n&#8217;y ait pas de contaminations crois\u00e9es avec d&#8217;autres patients.<\/p>\n<h1>Contenu<\/h1>\n<p>&#8221;\u00a0\u00a0\u00a0 Charbon v\u00e9g\u00e9tal en poudre 100g<br \/>\n&#8221;\u00a0\u00a0\u00a0 Canule d&#8217;aspiration Clean-UP<br \/>\n&#8221;\u00a0\u00a0\u00a0 Masque jetable au charbon actif<br \/>\n&#8221;\u00a0\u00a0\u00a0 Combinaison<br \/>\n&#8221;\u00a0\u00a0\u00a0 Embouts clean-up s\u00e9par\u00e9s<\/p>\n<h1>Utilisation<\/h1>\n<p>Apr\u00e8s achat du kit de d\u00e9pose, tous les produits peuvent \u00eatre recommand\u00e9s s\u00e9par\u00e9ment (voir bulletin de commande).<br \/>\nLa blouse est \u00e0 jeter apr\u00e8s chaque utilisation.<br \/>\nLa canule est st\u00e9rilisable. Le dentiste conservera pour chaque patient le sachet avec ses embouts et remettra la canule du patient dans son sachet.<br \/>\nLors de la derni\u00e8re d\u00e9pose, Le patient rapportera les gant et reprendra la canule et la jettera lui-m\u00eame.<br \/>\nLe masque est r\u00e9utilisable pour toute la d\u00e9pose. Par contre, si la d\u00e9pose s&#8217;\u00e9chelonne \u00e0 long terme, par s\u00e9curit\u00e9, le changer 1 fois par mois.<br \/>\nLa poudre de charbon = 2 c.s. dans 1 bouteille de 1 litre d&#8217;eau, le m\u00e9langer \u00e9nergiquement et l&#8217;utiliser le jour de la d\u00e9pose selon le protocole<\/p>","protected":false},"excerpt":{"rendered":"<h4>\u00a0Attention !! Les canules s&#8217;utilisent avec les embouts vendus s\u00e9par\u00e9ments. Ne les oubliez pas!!<\/h4>","protected":false},"featured_media":7363,"comment_status":"open","ping_status":"closed","template":"","meta":[],"product_brand":[],"product_cat":[63],"product_tag":[26,37,52],"class_list":{"0":"post-7362","1":"product","2":"type-product","3":"status-publish","4":"has-post-thumbnail","6":"product_cat-protection","7":"product_tag-featured","8":"product_tag-on-sale","9":"product_tag-trendy","11":"first","12":"instock","13":"shipping-taxable","14":"purchasable","15":"product-type-simple"},"jetpack_sharing_enabled":true,"_links":{"self":[{"href":"https:\/\/sevaonline.com\/en_us\/wp-json\/wp\/v2\/product\/7362","targetHints":{"allow":["GET"]}}],"collection":[{"href":"https:\/\/sevaonline.com\/en_us\/wp-json\/wp\/v2\/product"}],"about":[{"href":"https:\/\/sevaonline.com\/en_us\/wp-json\/wp\/v2\/types\/product"}],"replies":[{"embeddable":true,"href":"https:\/\/sevaonline.com\/en_us\/wp-json\/wp\/v2\/comments?post=7362"}],"wp:featuredmedia":[{"embeddable":true,"href":"https:\/\/sevaonline.com\/en_us\/wp-json\/wp\/v2\/media\/7363"}],"wp:attachment":[{"href":"https:\/\/sevaonline.com\/en_us\/wp-json\/wp\/v2\/media?parent=7362"}],"wp:term":[{"taxonomy":"product_brand","embeddable":true,"href":"https:\/\/sevaonline.com\/en_us\/wp-json\/wp\/v2\/product_brand?post=7362"},{"taxonomy":"product_cat","embeddable":true,"href":"https:\/\/sevaonline.com\/en_us\/wp-json\/wp\/v2\/product_cat?post=7362"},{"taxonomy":"product_tag","embeddable":true,"href":"https:\/\/sevaonline.com\/en_us\/wp-json\/wp\/v2\/product_tag?post=7362"}],"curies":[{"name":"wp","href":"https:\/\/api.w.org\/{rel}","templated":true}]}}